{"id":55,"date":"2013-12-18T10:33:01","date_gmt":"2013-12-18T10:33:01","guid":{"rendered":"http:\/\/www.tantri.com\/newsite\/?page_id=55"},"modified":"2014-03-18T13:10:57","modified_gmt":"2014-03-18T13:10:57","slug":"nous-connaitre","status":"publish","type":"page","link":"https:\/\/www.tantri.com\/fr\/a-propos-de-nous\/nous-connaitre\/","title":{"rendered":"NOUS CONNAITRE"},"content":{"rendered":"<div class=\"row\">\n\t<div class=\"wpb_content_element wpb_single_image noframe span12\">\n\t\t<div class=\"wpb_wrapper\"><figure class=\"lightbox clearfix\">\n\t\t\t<a class=\"view\" href=\"https:\/\/www.tantri.com\/fr\/wp-content\/uploads\/2013\/12\/frise-1024x178.png\" rel=\"image-gallery\"><div class=\"overlay\"><div class=\"thumb-info\"><i class=\"icon-search\"><\/i><\/div><\/div><img width=\"1453\" height=\"253\" src=\"https:\/\/www.tantri.com\/fr\/wp-content\/uploads\/2013\/12\/frise.png\" class=\"attachment-full size-full\" alt=\"\" loading=\"lazy\" srcset=\"https:\/\/www.tantri.com\/fr\/wp-content\/uploads\/2013\/12\/frise.png 1453w, https:\/\/www.tantri.com\/fr\/wp-content\/uploads\/2013\/12\/frise-300x52.png 300w, https:\/\/www.tantri.com\/fr\/wp-content\/uploads\/2013\/12\/frise-1024x178.png 1024w, https:\/\/www.tantri.com\/fr\/wp-content\/uploads\/2013\/12\/frise-1280x222.png 1280w\" sizes=\"(max-width: 1453px) 100vw, 1453px\" title=\"frise\" \/><\/a><\/figure>\n\t\t<\/div> \n\t<\/div> <\/div>\n <div class=\"row\">\n\t<div class=\"wpb_content_element span12 wpb_text_column\">\n\t\t<div class=\"wpb_wrapper clearfix\">\n\t\t\t\n<p style=\"text-align: left;\" align=\"center\">Cr\u00e9\u00e9e en <strong>1979<\/strong>,par M. John HAPUTANTRI, ancien membre de la Marine Sri-lankaise, TANTRI MARINE ENGINEERING \u00e9tait au d\u00e9part, une entreprise sp\u00e9cialis\u00e9e dans les r\u00e9parations des coques et des moteurs de bateaux.<br \/>\nLe si\u00e8ge de l\u2019entreprise se trouvait \u00e0 Vauxhall, dans le centre de Colombo mais les interventions se faisaient directement dans le port de Colombo.<br \/>\nEnsuite, l\u2019entreprise se diversifia en se lan\u00e7ant dans la fabrication de conteneurs.<\/p>\n<p style=\"text-align: left;\" align=\"center\">A la m\u00eame p\u00e9riode, M. HAPUTANTRI remarqua lors de son trajet quotidien du port de Colombo \u00e0 son domicile, un terrain o\u00f9 s\u2019amassait des semi-remorques. La raison de cet amas r\u00e9sidait dans le fait qu\u2019\u00e0 cette \u00e9poque au Sri Lanka, toutes les semi- remorques \u00e9taient import\u00e9es d\u2019Angleterre et que personne ne savait les r\u00e9parer.<\/p>\n<p>\u00a0En <strong>1981<\/strong>, il ach\u00e8te ce terrain ainsi que le stock qui s\u2019y trouve pour cr\u00e9er une deuxi\u00e8me entreprise, appel\u00e9e TANTRI TRAILERS, qui a vocation \u00e0 r\u00e9parer les semi-remorques. Son fr\u00e8re qui habite alors en Angleterre, le met en relation avec la soci\u00e9t\u00e9 anglaise, Truck &amp; Trailer Components pour la fourniture de pi\u00e8ces d\u00e9tach\u00e9es.\u00a0<\/p>\n<p>En <strong>1982<\/strong>,\u00e0 la demande d\u2019une entreprise am\u00e9ricaine, M. HAPUTANTRI commence la conception et la fabrication de la premi\u00e8re semi-remorque de marque TANTRI, de type porte conteneur (45 pieds).<br \/>\nLa marque TANTRI TRAILERS devient vraiment connue quelques ann\u00e9es apr\u00e8s lorsque l\u2019arm\u00e9e de l\u2019air lui commande une semi-remorque pour transporter un avion de Anuradhapura \u00e0 Katunayake (distance : 180 km). Il fabrique alors une semi- remorque de 3 m\u00e8tres de large et de 20 m\u00e8tres de long.<br \/>\nComme c\u2019\u00e9tait la plus grande semi-remorque jamais con\u00e7ue au Sri-Lanka, M. HAPUTANTRI passa \u00e0 la t\u00e9l\u00e9vision et de nombreux articles parurent dans les journaux.<\/p>\n<p>\u00a0A partir de l\u00e0, la marque TANTRI TRAILERS connut un vif succ\u00e8s au Sri-Lanka qui amena M. HAPUTANTRI \u00e0 ouvrir en<strong> 1985<\/strong>, une usine \u00e0 Kelaniya (Nord-Est de Colombo), destin\u00e9e \u00e0 la fabrication de semi-remorques.<br \/>\nL\u2019entreprise pionni\u00e8re sur le march\u00e9 local, connut un fort d\u00e9veloppement \u00e0 tel point qu\u2019en <strong>1998<\/strong>, M. HAPUTANTRI investit dans un nouvel atelier de fabrication bas\u00e9 \u00e0 Koholwila (Nord-Est de Colombo).<br \/>\nCette m\u00eame ann\u00e9e, TANTRI MARINE ENGINEERING se lance dans la fabrication de silos, ponts, pontons, barges, structures m\u00e9talliques et autres ouvrages chaudronner.<\/p>\n<p>\u00a0En<strong> 1999<\/strong>, M. HAPUTANTRI cr\u00e9e encore une nouvelle entit\u00e9 : TANTRI TRAILERS &amp; EQUIPMENT, sp\u00e9cialis\u00e9e dans le service apr\u00e8s-vente de semi-remorques.<\/p>\n<p>\u00a0Dans les ann\u00e9es <strong>2000<\/strong>, le Groupe TANTRI compos\u00e9 de:<\/p>\n<p>\u00a0&#8211; TANTRI MARINE ENGINEERING: ing\u00e9nierie industrielle<\/p>\n<p>\u00a0&#8211; TANTRI TRAILERS :conception etfabrication de semi-remorques\u00a0\u00a0<\/p>\n<p>&#8211; TANTRI TRAILERS &amp; EQUIPMENT: service apr\u00e8s-vente de semi-remorques<\/p>\n<p>\u00a0conna\u00eet un fort succ\u00e8s au Sri-Lanka et prend une dimension internationale \u00e0 partir de 2002, en exportant en Asie ses produits.<br \/>\nCette internationalisation pousse le Groupe TANTRI en<strong> 2006<\/strong>, \u00e0 pr\u00e9senterses services sur internet.<\/p>\n<p>\u00a0En <strong>2009<\/strong>, TANTRI TRAILERS se diversifie en cr\u00e9ant une nouvelle marque : HURTZ, sp\u00e9cialis\u00e9e dans les antennes relais fixes et mobiles.<\/p>\n<p>\u00a0\u00a0En <strong>2010<\/strong>, TANTRI TRAILERS \u00e9largit sa gamme et propose de nouveaux produits: semi- remorques t\u00e9lescopiques, surbaiss\u00e9es, porte v\u00e9hicules et des remorques pour les bateaux.<\/p>\n<p>\u00a0En <strong>2012<\/strong>, un nouvel atelier d\u00e9di\u00e9 \u00e0 la fabrication de semi-remorques porte engins, est construit sur la zone industrielle de \u00abBata Atha \u00bb, \u00e0 Hambantota, situ\u00e9e au Sud du pays.<\/p>\n<p>\u00a0\u00a0Afin d\u2019offrir toujours plus de services \u00e0 ses clients, TANTRI TRAILERS &amp; EQUIPMENT est la premi\u00e8re entreprise dans le pays \u00e0 ouvrir en<strong> 2013<\/strong>, un magasin de pi\u00e8ces d\u00e9tach\u00e9es de semi-remorques dans ses locauxde Kelaniya.<br \/>\nDes produits de qualit\u00e9, fabriqu\u00e9s sur mesure, l\u2019innovation et des salari\u00e9s comp\u00e9tents ont permis \u00e0 TANTRI TRAILERS de devenir le leader du march\u00e9 Sri-lankais.<br \/>\nLe Groupe TANTRI est certifi\u00e9 <strong>ISO 9001: 2008<\/strong> pour la conception, la fabrication, la vente et le service apr\u00e8s vente de ses produits.<\/p>\n<p>\u00a0Aujourd\u2019hui, le Groupe TANTRI emploie <strong>489<\/strong> salari\u00e9s et r\u00e9alise un chiffre d\u2019affaires de <strong>5,6 millions<\/strong> d\u2019euros, r\u00e9partis par filiales de la mani\u00e8re suivante :<\/p>\n<ol>\n<li>\u00a0TANTRI TRAILERS : <strong>87%<\/strong><\/li>\n<li>\u00a0TANTRI MARINE ENGINEERING : <strong>12%<\/strong><\/li>\n<li>\u00a0TANTRI TRAILERS &amp; EQUIPMENT :<strong> 2%<\/strong><\/li>\n<\/ol>\n<p>\u00a0<strong>37%<\/strong> de son chiffre d\u2019affaires est effectu\u00e9 \u00e0 l\u2019export. TANTRI dispose de <strong>11<\/strong> lignes de production et exporte ses produits \u00e0 travers le monde, en Asie, en Afrique et au Moyen-Orient.<\/p>\n\n\t\t<\/div> \n\t<\/div> <\/div>\n\n","protected":false},"excerpt":{"rendered":"","protected":false},"author":1,"featured_media":0,"parent":52,"menu_order":1,"comment_status":"open","ping_status":"open","template":"","meta":[],"_links":{"self":[{"href":"https:\/\/www.tantri.com\/fr\/wp-json\/wp\/v2\/pages\/55"}],"collection":[{"href":"https:\/\/www.tantri.com\/fr\/wp-json\/wp\/v2\/pages"}],"about":[{"href":"https:\/\/www.tantri.com\/fr\/wp-json\/wp\/v2\/types\/page"}],"author":[{"embeddable":true,"href":"https:\/\/www.tantri.com\/fr\/wp-json\/wp\/v2\/users\/1"}],"replies":[{"embeddable":true,"href":"https:\/\/www.tantri.com\/fr\/wp-json\/wp\/v2\/comments?post=55"}],"version-history":[{"count":47,"href":"https:\/\/www.tantri.com\/fr\/wp-json\/wp\/v2\/pages\/55\/revisions"}],"predecessor-version":[{"id":919,"href":"https:\/\/www.tantri.com\/fr\/wp-json\/wp\/v2\/pages\/55\/revisions\/919"}],"up":[{"embeddable":true,"href":"https:\/\/www.tantri.com\/fr\/wp-json\/wp\/v2\/pages\/52"}],"wp:attachment":[{"href":"https:\/\/www.tantri.com\/fr\/wp-json\/wp\/v2\/media?parent=55"}],"curies":[{"name":"wp","href":"https:\/\/api.w.org\/{rel}","templated":true}]}}